{"id":824,"date":"2023-03-06T15:33:08","date_gmt":"2023-03-06T15:33:08","guid":{"rendered":"https:\/\/trvdm.es\/?page_id=824"},"modified":"2023-03-06T16:31:44","modified_gmt":"2023-03-06T16:31:44","slug":"web-y-seo","status":"publish","type":"page","link":"https:\/\/trvdm.es\/?page_id=824","title":{"rendered":"Web y SEO"},"content":{"rendered":"\t\t<div data-elementor-type=\"wp-page\" data-elementor-id=\"824\" class=\"elementor elementor-824\">\n\t\t\t\t\t\t\t\t\t<section class=\"elementor-section elementor-top-section elementor-element elementor-element-3a66a68 elementor-section-height-min-height elementor-section-boxed elementor-section-height-default elementor-section-items-middle\" data-id=\"3a66a68\" data-element_type=\"section\" data-settings=\"{&quot;background_background&quot;:&quot;classic&quot;,&quot;shape_divider_bottom&quot;:&quot;triangle-asymmetrical&quot;}\">\n\t\t\t\t\t<div class=\"elementor-shape elementor-shape-bottom\" data-negative=\"false\">\n\t\t\t<svg xmlns=\"http:\/\/www.w3.org\/2000\/svg\" viewBox=\"0 0 1000 100\" preserveAspectRatio=\"none\">\n\t<path class=\"elementor-shape-fill\" d=\"M738,99l262-93V0H0v5.6L738,99z\"\/>\n<\/svg>\t\t<\/div>\n\t\t\t\t\t<div class=\"elementor-container elementor-column-gap-default\">\n\t\t\t\t\t<div class=\"elementor-column elementor-col-100 elementor-top-column elementor-element elementor-element-d8672e1\" data-id=\"d8672e1\" data-element_type=\"column\">\n\t\t\t<div class=\"elementor-widget-wrap elementor-element-populated\">\n\t\t\t\t\t\t\t\t<div class=\"elementor-element elementor-element-80acd4c elementor-widget elementor-widget-heading\" data-id=\"80acd4c\" data-element_type=\"widget\" data-widget_type=\"heading.default\">\n\t\t\t\t<div class=\"elementor-widget-container\">\n\t\t\t<style>\/*! elementor - v3.7.8 - 02-10-2022 *\/\n.elementor-heading-title{padding:0;margin:0;line-height:1}.elementor-widget-heading .elementor-heading-title[class*=elementor-size-]>a{color:inherit;font-size:inherit;line-height:inherit}.elementor-widget-heading .elementor-heading-title.elementor-size-small{font-size:15px}.elementor-widget-heading .elementor-heading-title.elementor-size-medium{font-size:19px}.elementor-widget-heading .elementor-heading-title.elementor-size-large{font-size:29px}.elementor-widget-heading .elementor-heading-title.elementor-size-xl{font-size:39px}.elementor-widget-heading .elementor-heading-title.elementor-size-xxl{font-size:59px}<\/style><h4 class=\"elementor-heading-title elementor-size-default\">Dise\u00f1o Web y SEO<\/h4>\t\t<\/div>\n\t\t\t\t<\/div>\n\t\t\t\t\t<\/div>\n\t\t<\/div>\n\t\t\t\t\t\t\t<\/div>\n\t\t<\/section>\n\t\t\t\t<section class=\"elementor-section elementor-top-section elementor-element elementor-element-feb2d0e elementor-section-boxed elementor-section-height-default elementor-section-height-default\" data-id=\"feb2d0e\" data-element_type=\"section\">\n\t\t\t\t\t\t<div class=\"elementor-container elementor-column-gap-default\">\n\t\t\t\t\t<div class=\"elementor-column elementor-col-100 elementor-top-column elementor-element elementor-element-17a262f\" data-id=\"17a262f\" data-element_type=\"column\">\n\t\t\t<div class=\"elementor-widget-wrap elementor-element-populated\">\n\t\t\t\t\t\t\t\t<div class=\"elementor-element elementor-element-ef4f1cd elementor-hidden-mobile elementor-widget elementor-widget-image\" data-id=\"ef4f1cd\" data-element_type=\"widget\" data-widget_type=\"image.default\">\n\t\t\t\t<div class=\"elementor-widget-container\">\n\t\t\t<style>\/*! elementor - v3.7.8 - 02-10-2022 *\/\n.elementor-widget-image{text-align:center}.elementor-widget-image a{display:inline-block}.elementor-widget-image a img[src$=\".svg\"]{width:48px}.elementor-widget-image img{vertical-align:middle;display:inline-block}<\/style>\t\t\t\t\t\t\t\t\t\t\t\t<img width=\"1360\" height=\"907\" src=\"https:\/\/trvdm.es\/wp-content\/uploads\/2023\/03\/WEB-SEO-PNG-TRV-2023.png\" class=\"attachment-full size-full\" alt=\"\" loading=\"lazy\" srcset=\"https:\/\/trvdm.es\/wp-content\/uploads\/2023\/03\/WEB-SEO-PNG-TRV-2023.png 1360w, https:\/\/trvdm.es\/wp-content\/uploads\/2023\/03\/WEB-SEO-PNG-TRV-2023-300x200.png 300w, https:\/\/trvdm.es\/wp-content\/uploads\/2023\/03\/WEB-SEO-PNG-TRV-2023-1024x683.png 1024w, https:\/\/trvdm.es\/wp-content\/uploads\/2023\/03\/WEB-SEO-PNG-TRV-2023-768x512.png 768w\" sizes=\"(max-width: 1360px) 100vw, 1360px\" \/>\t\t\t\t\t\t\t\t\t\t\t\t\t\t\t<\/div>\n\t\t\t\t<\/div>\n\t\t\t\t<div class=\"elementor-element elementor-element-fdfe5bd elementor-hidden-desktop elementor-widget elementor-widget-image\" data-id=\"fdfe5bd\" data-element_type=\"widget\" data-widget_type=\"image.default\">\n\t\t\t\t<div class=\"elementor-widget-container\">\n\t\t\t\t\t\t\t\t\t\t\t\t\t\t\t<img width=\"1360\" height=\"907\" src=\"https:\/\/trvdm.es\/wp-content\/uploads\/2023\/03\/WEB-SEO-PNG-TRV-2023.png\" class=\"attachment-full size-full\" alt=\"\" loading=\"lazy\" srcset=\"https:\/\/trvdm.es\/wp-content\/uploads\/2023\/03\/WEB-SEO-PNG-TRV-2023.png 1360w, https:\/\/trvdm.es\/wp-content\/uploads\/2023\/03\/WEB-SEO-PNG-TRV-2023-300x200.png 300w, https:\/\/trvdm.es\/wp-content\/uploads\/2023\/03\/WEB-SEO-PNG-TRV-2023-1024x683.png 1024w, https:\/\/trvdm.es\/wp-content\/uploads\/2023\/03\/WEB-SEO-PNG-TRV-2023-768x512.png 768w\" sizes=\"(max-width: 1360px) 100vw, 1360px\" \/>\t\t\t\t\t\t\t\t\t\t\t\t\t\t\t<\/div>\n\t\t\t\t<\/div>\n\t\t\t\t\t<\/div>\n\t\t<\/div>\n\t\t\t\t\t\t\t<\/div>\n\t\t<\/section>\n\t\t\t\t<section class=\"elementor-section elementor-top-section elementor-element elementor-element-74c09bd elementor-section-boxed elementor-section-height-default elementor-section-height-default\" data-id=\"74c09bd\" data-element_type=\"section\">\n\t\t\t\t\t\t<div class=\"elementor-container elementor-column-gap-default\">\n\t\t\t\t\t<div class=\"elementor-column elementor-col-100 elementor-top-column elementor-element elementor-element-41d45a5\" data-id=\"41d45a5\" data-element_type=\"column\">\n\t\t\t<div class=\"elementor-widget-wrap elementor-element-populated\">\n\t\t\t\t\t\t\t\t<div class=\"elementor-element elementor-element-ab35653 elementor-widget elementor-widget-image\" data-id=\"ab35653\" data-element_type=\"widget\" data-widget_type=\"image.default\">\n\t\t\t\t<div class=\"elementor-widget-container\">\n\t\t\t\t\t\t\t\t\t\t\t\t\t\t\t<img width=\"1300\" height=\"500\" src=\"https:\/\/trvdm.es\/wp-content\/uploads\/2022\/12\/SLIDERS_INICIO-1300-X-500-LOGO-2021.jpg\" class=\"attachment-full size-full\" alt=\"\" loading=\"lazy\" srcset=\"https:\/\/trvdm.es\/wp-content\/uploads\/2022\/12\/SLIDERS_INICIO-1300-X-500-LOGO-2021.jpg 1300w, https:\/\/trvdm.es\/wp-content\/uploads\/2022\/12\/SLIDERS_INICIO-1300-X-500-LOGO-2021-300x115.jpg 300w, https:\/\/trvdm.es\/wp-content\/uploads\/2022\/12\/SLIDERS_INICIO-1300-X-500-LOGO-2021-1024x394.jpg 1024w, https:\/\/trvdm.es\/wp-content\/uploads\/2022\/12\/SLIDERS_INICIO-1300-X-500-LOGO-2021-768x295.jpg 768w\" sizes=\"(max-width: 1300px) 100vw, 1300px\" \/>\t\t\t\t\t\t\t\t\t\t\t\t\t\t\t<\/div>\n\t\t\t\t<\/div>\n\t\t\t\t<div class=\"elementor-element elementor-element-4091c00 elementor-widget elementor-widget-heading\" data-id=\"4091c00\" data-element_type=\"widget\" data-widget_type=\"heading.default\">\n\t\t\t\t<div class=\"elementor-widget-container\">\n\t\t\t<h3 class=\"elementor-heading-title elementor-size-default\">Dise\u00f1o Web y SEO<\/h3>\t\t<\/div>\n\t\t\t\t<\/div>\n\t\t\t\t<div class=\"elementor-element elementor-element-a009d74 elementor-widget elementor-widget-image\" data-id=\"a009d74\" data-element_type=\"widget\" data-widget_type=\"image.default\">\n\t\t\t\t<div class=\"elementor-widget-container\">\n\t\t\t\t\t\t\t\t\t\t\t\t\t\t\t<img width=\"1024\" height=\"512\" src=\"https:\/\/trvdm.es\/wp-content\/uploads\/2023\/03\/web-2023-03-1024x512-1.jpg\" class=\"attachment-2048x2048 size-2048x2048\" alt=\"\" loading=\"lazy\" srcset=\"https:\/\/trvdm.es\/wp-content\/uploads\/2023\/03\/web-2023-03-1024x512-1.jpg 1024w, https:\/\/trvdm.es\/wp-content\/uploads\/2023\/03\/web-2023-03-1024x512-1-300x150.jpg 300w, https:\/\/trvdm.es\/wp-content\/uploads\/2023\/03\/web-2023-03-1024x512-1-768x384.jpg 768w\" sizes=\"(max-width: 1024px) 100vw, 1024px\" \/>\t\t\t\t\t\t\t\t\t\t\t\t\t\t\t<\/div>\n\t\t\t\t<\/div>\n\t\t\t\t\t<\/div>\n\t\t<\/div>\n\t\t\t\t\t\t\t<\/div>\n\t\t<\/section>\n\t\t\t\t<section class=\"elementor-section elementor-top-section elementor-element elementor-element-9cc2067 elementor-section-boxed elementor-section-height-default elementor-section-height-default\" data-id=\"9cc2067\" data-element_type=\"section\">\n\t\t\t\t\t\t<div class=\"elementor-container elementor-column-gap-default\">\n\t\t\t\t\t<div class=\"elementor-column elementor-col-50 elementor-top-column elementor-element elementor-element-7a47d85\" data-id=\"7a47d85\" data-element_type=\"column\">\n\t\t\t<div class=\"elementor-widget-wrap elementor-element-populated\">\n\t\t\t\t\t\t\t\t<div class=\"elementor-element elementor-element-1d3de88 elementor-widget elementor-widget-heading\" data-id=\"1d3de88\" data-element_type=\"widget\" data-widget_type=\"heading.default\">\n\t\t\t\t<div class=\"elementor-widget-container\">\n\t\t\t<h3 class=\"elementor-heading-title elementor-size-default\">Webs Sociales y Formativas<\/h3>\t\t<\/div>\n\t\t\t\t<\/div>\n\t\t\t\t<div class=\"elementor-element elementor-element-92547f1 elementor-widget elementor-widget-image\" data-id=\"92547f1\" data-element_type=\"widget\" data-widget_type=\"image.default\">\n\t\t\t\t<div class=\"elementor-widget-container\">\n\t\t\t\t\t\t\t\t\t\t\t\t\t\t\t<img width=\"1024\" height=\"512\" src=\"https:\/\/trvdm.es\/wp-content\/uploads\/2023\/03\/web-2023-02-1024x512-1.jpg\" class=\"attachment-full size-full\" alt=\"\" loading=\"lazy\" srcset=\"https:\/\/trvdm.es\/wp-content\/uploads\/2023\/03\/web-2023-02-1024x512-1.jpg 1024w, https:\/\/trvdm.es\/wp-content\/uploads\/2023\/03\/web-2023-02-1024x512-1-300x150.jpg 300w, https:\/\/trvdm.es\/wp-content\/uploads\/2023\/03\/web-2023-02-1024x512-1-768x384.jpg 768w\" sizes=\"(max-width: 1024px) 100vw, 1024px\" \/>\t\t\t\t\t\t\t\t\t\t\t\t\t\t\t<\/div>\n\t\t\t\t<\/div>\n\t\t\t\t\t<\/div>\n\t\t<\/div>\n\t\t\t\t<div class=\"elementor-column elementor-col-50 elementor-top-column elementor-element elementor-element-42536e2\" data-id=\"42536e2\" data-element_type=\"column\">\n\t\t\t<div class=\"elementor-widget-wrap elementor-element-populated\">\n\t\t\t\t\t\t\t\t<div class=\"elementor-element elementor-element-05a580e elementor-widget elementor-widget-heading\" data-id=\"05a580e\" data-element_type=\"widget\" data-widget_type=\"heading.default\">\n\t\t\t\t<div class=\"elementor-widget-container\">\n\t\t\t<h3 class=\"elementor-heading-title elementor-size-default\">Webs Jur\u00eddicas y Mediaci\u00f3n<\/h3>\t\t<\/div>\n\t\t\t\t<\/div>\n\t\t\t\t<div class=\"elementor-element elementor-element-4659257 elementor-widget elementor-widget-image\" data-id=\"4659257\" data-element_type=\"widget\" data-widget_type=\"image.default\">\n\t\t\t\t<div class=\"elementor-widget-container\">\n\t\t\t\t\t\t\t\t\t\t\t\t\t\t\t<img width=\"800\" height=\"400\" src=\"https:\/\/trvdm.es\/wp-content\/uploads\/2023\/03\/web-2023-01-1024x512-1.jpg\" class=\"attachment-large size-large\" alt=\"\" loading=\"lazy\" srcset=\"https:\/\/trvdm.es\/wp-content\/uploads\/2023\/03\/web-2023-01-1024x512-1.jpg 1024w, https:\/\/trvdm.es\/wp-content\/uploads\/2023\/03\/web-2023-01-1024x512-1-300x150.jpg 300w, https:\/\/trvdm.es\/wp-content\/uploads\/2023\/03\/web-2023-01-1024x512-1-768x384.jpg 768w\" sizes=\"(max-width: 800px) 100vw, 800px\" \/>\t\t\t\t\t\t\t\t\t\t\t\t\t\t\t<\/div>\n\t\t\t\t<\/div>\n\t\t\t\t\t<\/div>\n\t\t<\/div>\n\t\t\t\t\t\t\t<\/div>\n\t\t<\/section>\n\t\t\t\t\t\t\t<\/div>\n\t\t","protected":false},"excerpt":{"rendered":"<p>Dise\u00f1o Web y SEO Dise\u00f1o Web y SEO Webs Sociales y Formativas Webs Jur\u00eddicas y Mediaci\u00f3n<\/p>\n","protected":false},"author":1,"featured_media":182,"parent":0,"menu_order":0,"comment_status":"closed","ping_status":"closed","template":"elementor_header_footer","meta":{"om_disable_all_campaigns":false,"_monsterinsights_skip_tracking":false,"_monsterinsights_sitenote_active":false,"_monsterinsights_sitenote_note":"","_monsterinsights_sitenote_category":0},"aioseo_notices":[],"_links":{"self":[{"href":"https:\/\/trvdm.es\/index.php?rest_route=\/wp\/v2\/pages\/824"}],"collection":[{"href":"https:\/\/trvdm.es\/index.php?rest_route=\/wp\/v2\/pages"}],"about":[{"href":"https:\/\/trvdm.es\/index.php?rest_route=\/wp\/v2\/types\/page"}],"author":[{"embeddable":true,"href":"https:\/\/trvdm.es\/index.php?rest_route=\/wp\/v2\/users\/1"}],"replies":[{"embeddable":true,"href":"https:\/\/trvdm.es\/index.php?rest_route=%2Fwp%2Fv2%2Fcomments&post=824"}],"version-history":[{"count":13,"href":"https:\/\/trvdm.es\/index.php?rest_route=\/wp\/v2\/pages\/824\/revisions"}],"predecessor-version":[{"id":869,"href":"https:\/\/trvdm.es\/index.php?rest_route=\/wp\/v2\/pages\/824\/revisions\/869"}],"wp:featuredmedia":[{"embeddable":true,"href":"https:\/\/trvdm.es\/index.php?rest_route=\/wp\/v2\/media\/182"}],"wp:attachment":[{"href":"https:\/\/trvdm.es\/index.php?rest_route=%2Fwp%2Fv2%2Fmedia&parent=824"}],"curies":[{"name":"wp","href":"https:\/\/api.w.org\/{rel}","templated":true}]}}